{"id":32,"date":"2020-11-05T16:19:46","date_gmt":"2020-11-05T16:19:46","guid":{"rendered":"https:\/\/keramikzentrale.ch\/?page_id=32"},"modified":"2024-07-21T14:34:49","modified_gmt":"2024-07-21T14:34:49","slug":"workshops","status":"publish","type":"page","link":"https:\/\/keramikzentrale.ch\/index.php\/workshops\/","title":{"rendered":"Workshops"},"content":{"rendered":"<p><span style=\"font-weight: 400;\">Aktuelle Kurse sind \u00fcber die Webseite <a href=\"http:\/\/oonceramic.ch\">oonceramic.ch<\/a> ausgeschrieben.<\/span><\/p>\n<p><img loading=\"lazy\" class=\"alignnone size-full wp-image-2501\" src=\"https:\/\/keramikzentrale.ch\/wp-content\/uploads\/2024\/07\/Flyer_oonceramic_A4-1.jpg\" alt=\"\" width=\"595\" height=\"841\" \/><\/p>\n<p><span style=\"font-weight: 400;\">Das visuelle Gestalten mit Ton erlaubt, der inneren Vorstellungskraft eine dreidimensionale reale Erscheinung zu geben. Im Prozess f\u00fchren wir einen Dialog zwischen der Vision und dem Entstehenden. Wir treffen konzeptionelle und \u00e4sthetische Entscheidungen. Wir erschaffen reale Objekte, welche theoretisch f\u00fcr die Ewigkeit existieren und Raum einnehmen.<\/span><\/p>\n<p><span style=\"font-family: inherit;\">Unsere Workshops bieten die M\u00f6glichkeit, in einer kleinen Gruppe von vier Teilnehmenden Techniken zu erlernen und auf eigene Ideen anzuwenden.\u00a0<\/span><span style=\"font-family: inherit;\">Derzeit geplante, zur Anmeldung offene Kurse und Workshops findest du hier. <\/span><span style=\"font-family: inherit;\">Die Kurse werden angeboten von Anna Lucia Schaffter und Luzia Klossner.<\/span><\/p>\n<p>Gerne planen wir f\u00fcr Gruppen von 4 Personen ein eigenes Format und finden gemeinsam mit euch Termine.<\/p>\n<p><span style=\"font-weight: 400;\">Zuhause angefertigte Objekte k\u00f6nnen auch zum Brennservice vorbeigebracht werden.<br \/>\n<\/span><span style=\"font-weight: 400;\">Schreibe eine <a href=\"https:\/\/keramikzentrale.ch\/index.php\/kontakt\/\">Mail<\/a> mit deinen Fragen!<\/span><\/p>\n","protected":false},"excerpt":{"rendered":"<p>Aktuelle Kurse sind \u00fcber die Webseite oonceramic.ch ausgeschrieben. Das visuelle Gestalten mit Ton erlaubt, der inneren Vorstellungskraft eine dreidimensionale reale Erscheinung zu geben. Im Prozess f\u00fchren wir einen Dialog zwischen der Vision und dem Entstehenden. Wir treffen konzeptionelle und \u00e4sthetische Entscheidungen. Wir erschaffen reale Objekte, welche theoretisch f\u00fcr die Ewigkeit existieren und Raum einnehmen. Unsere &#8230;<\/p>\n","protected":false},"author":1,"featured_media":0,"parent":0,"menu_order":0,"comment_status":"closed","ping_status":"closed","template":"","meta":[],"_links":{"self":[{"href":"https:\/\/keramikzentrale.ch\/index.php\/wp-json\/wp\/v2\/pages\/32"}],"collection":[{"href":"https:\/\/keramikzentrale.ch\/index.php\/wp-json\/wp\/v2\/pages"}],"about":[{"href":"https:\/\/keramikzentrale.ch\/index.php\/wp-json\/wp\/v2\/types\/page"}],"author":[{"embeddable":true,"href":"https:\/\/keramikzentrale.ch\/index.php\/wp-json\/wp\/v2\/users\/1"}],"replies":[{"embeddable":true,"href":"https:\/\/keramikzentrale.ch\/index.php\/wp-json\/wp\/v2\/comments?post=32"}],"version-history":[{"count":17,"href":"https:\/\/keramikzentrale.ch\/index.php\/wp-json\/wp\/v2\/pages\/32\/revisions"}],"predecessor-version":[{"id":2502,"href":"https:\/\/keramikzentrale.ch\/index.php\/wp-json\/wp\/v2\/pages\/32\/revisions\/2502"}],"wp:attachment":[{"href":"https:\/\/keramikzentrale.ch\/index.php\/wp-json\/wp\/v2\/media?parent=32"}],"curies":[{"name":"wp","href":"https:\/\/api.w.org\/{rel}","templated":true}]}}