{"id":6,"date":"2020-10-25T14:53:45","date_gmt":"2020-10-25T14:53:45","guid":{"rendered":"https:\/\/keramikzentrale.ch\/?page_id=6"},"modified":"2023-04-30T21:56:06","modified_gmt":"2023-04-30T21:56:06","slug":"atelier","status":"publish","type":"page","link":"https:\/\/keramikzentrale.ch\/index.php\/atelier\/","title":{"rendered":"Atelier"},"content":{"rendered":"<p><span style=\"font-weight: 400;\">Die Keramikzentrale ist umgezogen!<br \/>\nNeu ist die Werkstatt im St.Johanns Quartier in Basel, direkt am Rheinweg. Nach dem Einzug im November 2023 freut sich die Keramikzentrale auf einen Neuanfang.<\/span><\/p>\n<p><img loading=\"lazy\" class=\"alignnone  wp-image-1852\" src=\"https:\/\/keramikzentrale.ch\/wp-content\/uploads\/2022\/12\/IMG20221209162819-900x675.jpg\" alt=\"\" width=\"436\" height=\"327\" srcset=\"https:\/\/keramikzentrale.ch\/wp-content\/uploads\/2022\/12\/IMG20221209162819-900x675.jpg 900w, https:\/\/keramikzentrale.ch\/wp-content\/uploads\/2022\/12\/IMG20221209162819-1024x768.jpg 1024w, https:\/\/keramikzentrale.ch\/wp-content\/uploads\/2022\/12\/IMG20221209162819-1536x1152.jpg 1536w, https:\/\/keramikzentrale.ch\/wp-content\/uploads\/2022\/12\/IMG20221209162819-738x554.jpg 738w, https:\/\/keramikzentrale.ch\/wp-content\/uploads\/2022\/12\/IMG20221209162819-1458x1094.jpg 1458w, https:\/\/keramikzentrale.ch\/wp-content\/uploads\/2022\/12\/IMG20221209162819-996x747.jpg 996w, https:\/\/keramikzentrale.ch\/wp-content\/uploads\/2022\/12\/IMG20221209162819-1992x1494.jpg 1992w, https:\/\/keramikzentrale.ch\/wp-content\/uploads\/2022\/12\/IMG20221209162819-900x675@2x.jpg 1800w, https:\/\/keramikzentrale.ch\/wp-content\/uploads\/2022\/12\/IMG20221209162819-1024x768@2x.jpg 2048w, https:\/\/keramikzentrale.ch\/wp-content\/uploads\/2022\/12\/IMG20221209162819-738x554@2x.jpg 1476w\" sizes=\"(max-width: 436px) 100vw, 436px\" \/><\/p>\n<p><strong>Anfang in der Zentrale Pratteln<\/strong><\/p>\n<p><span style=\"font-weight: 400;\">Gegr\u00fcndet w\u00fcrde das Atelier im Mai 2020 von Anna Lucia Schaffter. Die Keramikzentrale war Teil des Intensivateliers von Volume3, in der industriellen Shedhalle der ehemaligen Coop-Lagerhalle. Nach Ablauf der Zwischennutzung hat sich die Keramikzentrale in Basel Stadt eingenistet, der Verein Volume3 bleibt vorerst ohne Standort inaktiv bestehen.<\/span><\/p>\n<p>Der Verein Volume3 lud \u00fcber 42 Monate hinweg zu \u00f6ffentlichen Veranstaltungen in die grosse Shedhalle ein. Es fanden verschiedene Formate f\u00fcr Menschen unterschiedlichen Alters und Interessen statt. Rollerdiscos, eine Kreativwoche f\u00fcr Kinder, Musikabende, ein Minigolf Turnier. Die Keramikzentrale hatte an diesen Verstaltungen Teil und veranstaltete beispielsweise Rakubr\u00e4nde oder Offene Ateliers.<\/p>\n<p>Volume3 <a href=\"https:\/\/www.instagram.com\/hardcore.softcare\/?hl=de\">@hardcore.softcare<\/a><\/p>\n<div data-carousel-extra='{\"blog_id\":1,\"permalink\":\"https:\\\/\\\/keramikzentrale.ch\\\/index.php\\\/atelier\\\/\"}' id='gallery-1' class='gallery galleryid-6 gallery-columns-3 gallery-size-thumbnail'><figure class='gallery-item'>\n\t\t\t<div class='gallery-icon landscape'>\n\t\t\t\t<a href='https:\/\/keramikzentrale.ch\/index.php\/atelier\/img_1742\/'><img data-attachment-id=\"775\" data-orig-file=\"https:\/\/keramikzentrale.ch\/wp-content\/uploads\/2021\/02\/IMG_1742.jpg\" data-orig-size=\"1200,800\" data-comments-opened=\"1\" data-image-meta=\"{&quot;aperture&quot;:&quot;8&quot;,&quot;credit&quot;:&quot;&quot;,&quot;camera&quot;:&quot;Canon EOS 6D&quot;,&quot;caption&quot;:&quot;&quot;,&quot;created_timestamp&quot;:&quot;1604504933&quot;,&quot;copyright&quot;:&quot;&quot;,&quot;focal_length&quot;:&quot;24&quot;,&quot;iso&quot;:&quot;100&quot;,&quot;shutter_speed&quot;:&quot;1&quot;,&quot;title&quot;:&quot;&quot;,&quot;orientation&quot;:&quot;1&quot;,&quot;keywords&quot;:&quot;Array&quot;}\" data-image-title=\"IMG_1742\" data-image-description=\"&lt;p&gt;Im Winterquartier in Gebrauch.&lt;\/p&gt;\n\" data-medium-file=\"https:\/\/keramikzentrale.ch\/wp-content\/uploads\/2021\/02\/IMG_1742-900x600.jpg\" data-large-file=\"https:\/\/keramikzentrale.ch\/wp-content\/uploads\/2021\/02\/IMG_1742-1024x683.jpg\" width=\"600\" height=\"600\" src=\"https:\/\/keramikzentrale.ch\/wp-content\/uploads\/2021\/02\/IMG_1742-600x600.jpg\" class=\"attachment-thumbnail size-thumbnail\" alt=\"Im Winterquartier in Gebrauch.\" loading=\"lazy\" aria-describedby=\"gallery-1-775\" srcset=\"https:\/\/keramikzentrale.ch\/wp-content\/uploads\/2021\/02\/IMG_1742-600x600.jpg 600w, https:\/\/keramikzentrale.ch\/wp-content\/uploads\/2021\/02\/IMG_1742-100x100.jpg 100w, https:\/\/keramikzentrale.ch\/wp-content\/uploads\/2021\/02\/IMG_1742-480x480.jpg 480w, https:\/\/keramikzentrale.ch\/wp-content\/uploads\/2021\/02\/IMG_1742-450x450.jpg 450w, https:\/\/keramikzentrale.ch\/wp-content\/uploads\/2021\/02\/IMG_1742-150x150.jpg 150w\" sizes=\"(max-width: 600px) 100vw, 600px\" \/><\/a>\n\t\t\t<\/div>\n\t\t\t\t<figcaption class='wp-caption-text gallery-caption' id='gallery-1-775'>\n\t\t\t\tIm Winterquartier in Gebrauch.\n\t\t\t\t<\/figcaption><\/figure><figure class='gallery-item'>\n\t\t\t<div class='gallery-icon landscape'>\n\t\t\t\t<a href='https:\/\/keramikzentrale.ch\/img_20200724_092904_988\/'><img data-attachment-id=\"777\" data-orig-file=\"https:\/\/keramikzentrale.ch\/wp-content\/uploads\/2021\/02\/IMG_20200724_092904_988.jpg\" data-orig-size=\"1080,1080\" data-comments-opened=\"1\" data-image-meta=\"{&quot;aperture&quot;:&quot;0&quot;,&quot;credit&quot;:&quot;&quot;,&quot;camera&quot;:&quot;&quot;,&quot;caption&quot;:&quot;&quot;,&quot;created_timestamp&quot;:&quot;0&quot;,&quot;copyright&quot;:&quot;&quot;,&quot;focal_length&quot;:&quot;0&quot;,&quot;iso&quot;:&quot;0&quot;,&quot;shutter_speed&quot;:&quot;0&quot;,&quot;title&quot;:&quot;&quot;,&quot;orientation&quot;:&quot;0&quot;,&quot;keywords&quot;:&quot;Array&quot;}\" data-image-title=\"IMG_20200724_092904_988\" data-image-description=\"&lt;p&gt;Das Atelier in der Halle&lt;\/p&gt;\n\" data-medium-file=\"https:\/\/keramikzentrale.ch\/wp-content\/uploads\/2021\/02\/IMG_20200724_092904_988-900x900.jpg\" data-large-file=\"https:\/\/keramikzentrale.ch\/wp-content\/uploads\/2021\/02\/IMG_20200724_092904_988-1024x1024.jpg\" width=\"600\" height=\"600\" src=\"https:\/\/keramikzentrale.ch\/wp-content\/uploads\/2021\/02\/IMG_20200724_092904_988-600x600.jpg\" class=\"attachment-thumbnail size-thumbnail\" alt=\"Das Atelier in der Halle\" loading=\"lazy\" aria-describedby=\"gallery-1-777\" srcset=\"https:\/\/keramikzentrale.ch\/wp-content\/uploads\/2021\/02\/IMG_20200724_092904_988-600x600.jpg 600w, https:\/\/keramikzentrale.ch\/wp-content\/uploads\/2021\/02\/IMG_20200724_092904_988-900x900.jpg 900w, https:\/\/keramikzentrale.ch\/wp-content\/uploads\/2021\/02\/IMG_20200724_092904_988-1024x1024.jpg 1024w, https:\/\/keramikzentrale.ch\/wp-content\/uploads\/2021\/02\/IMG_20200724_092904_988-768x768.jpg 768w, https:\/\/keramikzentrale.ch\/wp-content\/uploads\/2021\/02\/IMG_20200724_092904_988-100x100.jpg 100w, https:\/\/keramikzentrale.ch\/wp-content\/uploads\/2021\/02\/IMG_20200724_092904_988-738x738.jpg 738w, https:\/\/keramikzentrale.ch\/wp-content\/uploads\/2021\/02\/IMG_20200724_092904_988-996x996.jpg 996w, https:\/\/keramikzentrale.ch\/wp-content\/uploads\/2021\/02\/IMG_20200724_092904_988-480x480.jpg 480w, https:\/\/keramikzentrale.ch\/wp-content\/uploads\/2021\/02\/IMG_20200724_092904_988-960x960.jpg 960w, https:\/\/keramikzentrale.ch\/wp-content\/uploads\/2021\/02\/IMG_20200724_092904_988-700x700.jpg 700w, https:\/\/keramikzentrale.ch\/wp-content\/uploads\/2021\/02\/IMG_20200724_092904_988-450x450.jpg 450w, https:\/\/keramikzentrale.ch\/wp-content\/uploads\/2021\/02\/IMG_20200724_092904_988-300x300.jpg 300w, https:\/\/keramikzentrale.ch\/wp-content\/uploads\/2021\/02\/IMG_20200724_092904_988-150x150.jpg 150w, https:\/\/keramikzentrale.ch\/wp-content\/uploads\/2021\/02\/IMG_20200724_092904_988.jpg 1080w\" sizes=\"(max-width: 600px) 100vw, 600px\" \/><\/a>\n\t\t\t<\/div>\n\t\t\t\t<figcaption class='wp-caption-text gallery-caption' id='gallery-1-777'>\n\t\t\t\tDas Atelier in der Halle\n\t\t\t\t<\/figcaption><\/figure><figure class='gallery-item'>\n\t\t\t<div class='gallery-icon landscape'>\n\t\t\t\t<a href='https:\/\/keramikzentrale.ch\/?attachment_id=787'><img data-attachment-id=\"787\" data-orig-file=\"https:\/\/keramikzentrale.ch\/wp-content\/uploads\/2021\/02\/IMG_20200627_181158-scaled.jpg\" data-orig-size=\"2560,1920\" data-comments-opened=\"1\" data-image-meta=\"{&quot;aperture&quot;:&quot;1.8&quot;,&quot;credit&quot;:&quot;&quot;,&quot;camera&quot;:&quot;MAR-LX1A&quot;,&quot;caption&quot;:&quot;&quot;,&quot;created_timestamp&quot;:&quot;1593281519&quot;,&quot;copyright&quot;:&quot;&quot;,&quot;focal_length&quot;:&quot;4.75&quot;,&quot;iso&quot;:&quot;500&quot;,&quot;shutter_speed&quot;:&quot;0.04&quot;,&quot;title&quot;:&quot;&quot;,&quot;orientation&quot;:&quot;0&quot;,&quot;keywords&quot;:&quot;Array&quot;}\" data-image-title=\"IMG_20200627_181158\" data-image-description=\"&lt;p&gt;Der leere Keramikofen&lt;\/p&gt;\n\" data-medium-file=\"https:\/\/keramikzentrale.ch\/wp-content\/uploads\/2021\/02\/IMG_20200627_181158-900x675.jpg\" data-large-file=\"https:\/\/keramikzentrale.ch\/wp-content\/uploads\/2021\/02\/IMG_20200627_181158-1024x768.jpg\" width=\"600\" height=\"600\" src=\"https:\/\/keramikzentrale.ch\/wp-content\/uploads\/2021\/02\/IMG_20200627_181158-600x600.jpg\" class=\"attachment-thumbnail size-thumbnail\" alt=\"Der leere Keramikofen\" loading=\"lazy\" aria-describedby=\"gallery-1-787\" srcset=\"https:\/\/keramikzentrale.ch\/wp-content\/uploads\/2021\/02\/IMG_20200627_181158-600x600.jpg 600w, https:\/\/keramikzentrale.ch\/wp-content\/uploads\/2021\/02\/IMG_20200627_181158-100x100.jpg 100w, https:\/\/keramikzentrale.ch\/wp-content\/uploads\/2021\/02\/IMG_20200627_181158-480x480.jpg 480w, https:\/\/keramikzentrale.ch\/wp-content\/uploads\/2021\/02\/IMG_20200627_181158-960x960.jpg 960w, https:\/\/keramikzentrale.ch\/wp-content\/uploads\/2021\/02\/IMG_20200627_181158-450x450.jpg 450w, https:\/\/keramikzentrale.ch\/wp-content\/uploads\/2021\/02\/IMG_20200627_181158-150x150.jpg 150w\" sizes=\"(max-width: 600px) 100vw, 600px\" \/><\/a>\n\t\t\t<\/div>\n\t\t\t\t<figcaption class='wp-caption-text gallery-caption' id='gallery-1-787'>\n\t\t\t\tDer leere Keramikofen\n\t\t\t\t<\/figcaption><\/figure><figure class='gallery-item'>\n\t\t\t<div class='gallery-icon landscape'>\n\t\t\t\t<a href='https:\/\/keramikzentrale.ch\/img_1609\/'><img data-attachment-id=\"776\" data-orig-file=\"https:\/\/keramikzentrale.ch\/wp-content\/uploads\/2021\/02\/IMG_1609-scaled.jpg\" data-orig-size=\"2560,1707\" data-comments-opened=\"1\" data-image-meta=\"{&quot;aperture&quot;:&quot;4&quot;,&quot;credit&quot;:&quot;&quot;,&quot;camera&quot;:&quot;Canon EOS 6D&quot;,&quot;caption&quot;:&quot;&quot;,&quot;created_timestamp&quot;:&quot;1603673487&quot;,&quot;copyright&quot;:&quot;&quot;,&quot;focal_length&quot;:&quot;24&quot;,&quot;iso&quot;:&quot;1000&quot;,&quot;shutter_speed&quot;:&quot;0.033333333333333&quot;,&quot;title&quot;:&quot;&quot;,&quot;orientation&quot;:&quot;0&quot;,&quot;keywords&quot;:&quot;Array&quot;}\" data-image-title=\"IMG_1609\" data-image-description=\"&lt;p&gt;Im Winterquartier, bei Nacht&lt;\/p&gt;\n\" data-medium-file=\"https:\/\/keramikzentrale.ch\/wp-content\/uploads\/2021\/02\/IMG_1609-900x600.jpg\" data-large-file=\"https:\/\/keramikzentrale.ch\/wp-content\/uploads\/2021\/02\/IMG_1609-1024x683.jpg\" width=\"600\" height=\"600\" src=\"https:\/\/keramikzentrale.ch\/wp-content\/uploads\/2021\/02\/IMG_1609-600x600.jpg\" class=\"attachment-thumbnail size-thumbnail\" alt=\"Im Winterquartier, bei Nacht\" loading=\"lazy\" aria-describedby=\"gallery-1-776\" srcset=\"https:\/\/keramikzentrale.ch\/wp-content\/uploads\/2021\/02\/IMG_1609-600x600.jpg 600w, https:\/\/keramikzentrale.ch\/wp-content\/uploads\/2021\/02\/IMG_1609-100x100.jpg 100w, https:\/\/keramikzentrale.ch\/wp-content\/uploads\/2021\/02\/IMG_1609-480x480.jpg 480w, https:\/\/keramikzentrale.ch\/wp-content\/uploads\/2021\/02\/IMG_1609-960x960.jpg 960w, https:\/\/keramikzentrale.ch\/wp-content\/uploads\/2021\/02\/IMG_1609-450x450.jpg 450w, https:\/\/keramikzentrale.ch\/wp-content\/uploads\/2021\/02\/IMG_1609-150x150.jpg 150w\" sizes=\"(max-width: 600px) 100vw, 600px\" \/><\/a>\n\t\t\t<\/div>\n\t\t\t\t<figcaption class='wp-caption-text gallery-caption' id='gallery-1-776'>\n\t\t\t\tIm Winterquartier, bei Nacht\n\t\t\t\t<\/figcaption><\/figure>\n\t\t<\/div>\n\n","protected":false},"excerpt":{"rendered":"<p>Die Keramikzentrale ist umgezogen! Neu ist die Werkstatt im St.Johanns Quartier in Basel, direkt am Rheinweg. Nach dem Einzug im November 2023 freut sich die Keramikzentrale auf einen Neuanfang. Anfang in der Zentrale Pratteln Gegr\u00fcndet w\u00fcrde das Atelier im Mai 2020 von Anna Lucia Schaffter. Die Keramikzentrale war Teil des Intensivateliers von Volume3, in der &#8230;<\/p>\n","protected":false},"author":1,"featured_media":0,"parent":0,"menu_order":0,"comment_status":"closed","ping_status":"closed","template":"","meta":[],"_links":{"self":[{"href":"https:\/\/keramikzentrale.ch\/index.php\/wp-json\/wp\/v2\/pages\/6"}],"collection":[{"href":"https:\/\/keramikzentrale.ch\/index.php\/wp-json\/wp\/v2\/pages"}],"about":[{"href":"https:\/\/keramikzentrale.ch\/index.php\/wp-json\/wp\/v2\/types\/page"}],"author":[{"embeddable":true,"href":"https:\/\/keramikzentrale.ch\/index.php\/wp-json\/wp\/v2\/users\/1"}],"replies":[{"embeddable":true,"href":"https:\/\/keramikzentrale.ch\/index.php\/wp-json\/wp\/v2\/comments?post=6"}],"version-history":[{"count":11,"href":"https:\/\/keramikzentrale.ch\/index.php\/wp-json\/wp\/v2\/pages\/6\/revisions"}],"predecessor-version":[{"id":2016,"href":"https:\/\/keramikzentrale.ch\/index.php\/wp-json\/wp\/v2\/pages\/6\/revisions\/2016"}],"wp:attachment":[{"href":"https:\/\/keramikzentrale.ch\/index.php\/wp-json\/wp\/v2\/media?parent=6"}],"curies":[{"name":"wp","href":"https:\/\/api.w.org\/{rel}","templated":true}]}}